{"id":95,"date":"2016-01-16T12:28:59","date_gmt":"2016-01-16T11:28:59","guid":{"rendered":"http:\/\/hanspeter.der-webcode.de\/?page_id=95"},"modified":"2016-06-27T21:31:27","modified_gmt":"2016-06-27T19:31:27","slug":"publikation","status":"publish","type":"page","link":"https:\/\/www.prof-klein.eu\/en\/publikationen\/publikation\/","title":{"rendered":"Publication"},"content":{"rendered":"<p class=\"qtranxs-available-languages-message qtranxs-available-languages-message-en\">Sorry, this entry is only available in <a href=\"https:\/\/www.prof-klein.eu\/de\/wp-json\/wp\/v2\/pages\/95\" class=\"qtranxs-available-language-link qtranxs-available-language-link-de\" title=\"Deutsch\">Deutsch<\/a>. For the sake of viewer convenience, the content is shown below in the alternative language. You may click the link to switch the active language.<\/p><p><\/p>\n<ul>\n<li>Klein HP (2016) Im Schatten der Fl\u00fcchtlingskrise. Der umstrittene Bildungsplan 2016 soll in Baden-W\u00fcrttemberg einen Tag vor der Landtagswahl in Kraft treten. Gesellschaft f\u00fcr Bildung und Wissen. 08.03.2016<\/li>\n<li>Klein HP (2016) Geht die Kompetenzorientierung in deutschen Lehrpl\u00e4nen zu Lasten von Lerninhalten?\u00a0 Pro. In: Begegnung 2: Kompetenzen. S. 24. Deutsche schulische Arbeit im Ausland.<\/li>\n<li>Rajh T, Klein HP (2016) \u201eNiemand hat die Absicht, in Baden-W\u00fcrttemberg das Gymnasium abzuschaffen\u201c. Profil 5. Das Magazin f\u00fcr Gymnasium und Gesellschaft. P\u00e4dagogik und Hochschulverlag D\u00fcsseldorf<\/li>\n<li>Klein HP (2016) Nieder mit den Ampelm\u00e4nnchen. Herder Korrespondenz 4. Seite 6<\/li>\n<li>Klein HP (2016) Im Dschungel der deutschen Lehrerbildung. Die zunehmende Entfachlichung der Lehramtstudieng\u00e4nge. Teil 2. Seite 13- 16, Lehrer NRW 1\/2016<\/li>\n<li>Klein HP (2015) Im Dschungel der deutschen Lehrerbildung. Die Folgen von PISA und Bologna f\u00fcr die Lehrerbildung. Teil 1. Seite 13- 16, Lehrer NRW 7\/2015<\/li>\n<li>Klein HP (2015) Heldenhafte Spermien und wachgek\u00fcsste Eizellen. Profil 9. Das Magazin f\u00fcr Gymnasium und Gesellschaft. P\u00e4dagogik und Hochschulverlag D\u00fcsseldorf<\/li>\n<li>Klein HP, Jahnke T, K\u00fchnel W, Sonar T, Spindler M (2015) Die Erh\u00f6hung der Abiturientenrate als kognitive Form der alchemistischen Goldherstellung. Profil 3. Das Magazin f\u00fcr Gymnasium und Gesellschaft. P\u00e4dagogik und Hochschulverlag D\u00fcsseldorf<\/li>\n<li>Klein HP (2015) Im Dschungel der deutschen Lehrerausbildung. Die Folgen von Pisa und Bologna. Profil Juni 2015<\/li>\n<li>K\u00fchnel W, Bandelt HJ, Jahnke T, Klein HP, Remus D, Schweighofer M, Sonar T, Spindler M, Walcher S (2015) Zur neuen Schulmathematik im Abitur \u2013 Die Bildungsstandards der KMK von 2012. MDMV 23 \/106\u2013109<\/li>\n<li>Gruschka A, Klein HP (2014) Die babylonische Gefangenschaft des Ministeriums f\u00fcr Bildung und Forschung. Profil 10. Das Magazin f\u00fcr Gymnasium und Gesellschaft. P\u00e4dagogik und Hochschulverlag D\u00fcsseldorf<\/li>\n<li>Klein HP (2014) Im Dschungel der deutschen Lehrerbildung \u2013 Die Folgen von PISA und Bologna f\u00fcr die Lehrerbildung. Zeitschrift f\u00fcr Bildungsverwaltung. 3. Sankelmarker Gespr\u00e4ch zur Lehrerbildung. Lehrerberuf am Wendepunkt. Jahrgang 30, Heft 2<\/li>\n<li>Jahnke T, Klein HP, K\u00fchnel W, Sonar T, Spindler M (2014) Die Hamburger Abituraufgaben im Fach Mathematik. Entwicklung von 2005 bis 2013. MDMV 22 \/\u00a0 110\u2013116<\/li>\n<li>Klein HP, Jahnke Th, K\u00fchnel W, Sonar T, Spindler M (2014) Sind Hamburgs Abiturienten mathematisch und naturwissenschaftlich kl\u00fcger geworden? Nach welchen Ma\u00dfst\u00e4ben \u00fcbertrifft das achtj\u00e4hrige Gymnasium das neunj\u00e4hrige? Qualitative Analyse der in den Studien KESS 12 und KESS 13 eingesetzten Testinstrumente im Bereich Mathematik\/Naturwissenschaften. In: Vierteljahrsschrift f\u00fcr wissenschaftliche P\u00e4dagogik. 89. Jg. Heft 4. Paderborn: Sch\u00f6ningh<\/li>\n<li>Klein, HP (2014) Die Hamburger See-Elefanten. Eine vergleichende qualitative Analyse von zwei Zentralabituraufgaben im Fach Biologie von 2005 und 2010. Journal f\u00fcr Didaktik der Biowissenschaften (F) 5.<\/li>\n<li>Jahnke T, Klein HP, K\u00fchnel W, Sonar T, Spindler M (2014) Die Hamburger Abituraufgaben im Fach Mathematik. Entwicklung von 2005 bis 2013. MDMV 22-2.<\/li>\n<li>Klein HP (2014) Der Bluff der individuellen F\u00f6rderung. Oder die Verabschiedung des Leistungsprinzips aus der Schule. Weitblick, VDR 01.<\/li>\n<li>Redecker A, Klein HP (2013) Irrwege von Bologna. Profil 10. Das Magazin f\u00fcr Gymnasium und Gesellschaft. P\u00e4dagogik und Hochschulverlag D\u00fcsseldorf<\/li>\n<li>Redecker A, Klein HP (2013) Irrwege der Unterrichtsreform. <em>Vierteljahreszeitschrift f\u00fcr wissenschaftliche P\u00e4dagogik<\/em> 89 ( 3), Sch\u00f6ningh, Paderborn<\/li>\n<li>Klein HP (2013) Individuelle F\u00f6rderung: Der gro\u00dfe Bluff. Profil 12. Das Magazin f\u00fcr Gymnasium und Gesellschaft. P\u00e4dagogik und Hochschulverlag D\u00fcsseldorf<\/li>\n<li>Klein HP (2013) Auf dem Weg zur Inkompetenzkompensationskompetenz. In: Liessmann KP, Lacina K (Hg) Sackgassen der Bildungsreform. Facultas Verlags- und Buchhandels AG<\/li>\n<li>Grahmann M, Dietz C, Klein HP (2013) Osmose sichtbar machen. Unterricht Biologie 390: 40-44<\/li>\n<li>Klein HP (2013) Qualit\u00e4tssicherung durch Notendumping. Inkompetenzkompensationskompetenz verhindert das Scheitern der Bildungsreformen.\u00a0 Zeit Fragen, 18, Z\u00fcrich<\/li>\n<li>Klein HP (2013) La garantie de qualit\u00e9 par le dumping des notes. La comp\u00e9tence des compensation d\u2019incomp\u00e9tence voila l\u2019\u00e9chec des r\u00e9formes scolaires. Horizons et d\u00e9bats. 18. Z\u00fcrich.<\/li>\n<li>Klein HP (2013) Quality management by marking schemes dumping. Competence to compensate incompetence conceals the failure of school reforms. Current Concerns, No. 6, Z\u00fcrich<\/li>\n<li>Klein HP, Kissling B (2012) Irrwege der Unterrichtsreform. <em>Vierteljahreszeitschrift f\u00fcr wissenschaftliche P\u00e4dagogik<\/em> 88(3): 11-18.<\/li>\n<li>Klein HP, Kissling B (2012) Irrwege der Unterrichtsreform. Profil 9. Das Magazin f\u00fcr Gymnasium und Gesellschaft. P\u00e4dagogik und Hochschulverlag D\u00fcsseldorf<\/li>\n<li>Klein HP (2012) Qualit\u00e4tssicherung durch Notendumping. Profil 11. Das Magazin f\u00fcr Gymnasium und Gesellschaft. P\u00e4dagogik und Hochschulverlag D\u00fcsseldorf<\/li>\n<li>Klein HP, Jahnke TH (2012) Die Folgen der Kompetenzorientierung im Fach Mathematik. <em>Journal f\u00fcr Didaktik der Biowissenschaften (F)<\/em> 1, 9-17.<\/li>\n<li>Klein, HP (2012) Chaos in der Lehrerbildung. Die verh\u00e4ngnisvolle Abkehr der Fachdidaktik von der Fachwissenschaft. Mitteilungen des deutschen Germanistikverbandes 2, 59. Jahrgang<\/li>\n<li>Klein, HP (2012) Das Abitur reicht nicht mehr. Profil. Das Magazin f\u00fcr Gymnasium und Gesellschaft. P\u00e4dagogik und Hochschulverlag D\u00fcsseldorf<\/li>\n<li>Klein HP (2011) Bildungsstandards auf dem Pr\u00fcfstand \u2013 Exzellenz oder Nivellierung. Profil (Mai). Das Magazin f\u00fcr Gymnasium und Gesellschaft. P\u00e4dagogik und Hochschulverlag D\u00fcsseldorf<\/li>\n<li>Seitz S, Klein HP (2011) Die Entstehung und Geschichte der Gal\u00e1pagos-Inseln \u2013 Hot-Spots, Charles Darwin, Klima und Meeresstr\u00f6mungen. Praxis der Naturwissenschaften 05\/60: 4-11<\/li>\n<li>Gr\u00e4f T, Klein HP (2011) Die endemische Pflanzenwelt der Gal\u00e1pagos-Inseln. Praxis der Naturwissenschaften 05\/60: 12-19<\/li>\n<li>Gerhard N, Klein HP (2011) Die endemische Vogelwelt von Gal\u00e1pagos \u2013 Die Darwinfinken \u2013 ein Musterbeispiel der Evolution. Praxis der Naturwissenschaften 05\/60: 20-28<\/li>\n<li>Walter J, Klein HP (2011) Die Meerechsen und Landleguane von Gal\u00e1pagos. Praxis der Naturwissenschaften 05\/60: 29-35<\/li>\n<li>Fischer CA, Klein. HP (2011) Die Riesenschildkr\u00f6ten von Gal\u00e1pagos und ihre Gef\u00e4hrdung. Praxis der Naturwissenschaften 05\/60: 36-41<\/li>\n<li>Trommer G, Klein HP (2011) Naturschutz auf Gal\u00e1pagos\u2013 Probleme und Probleml\u00f6sungen. Praxis der Naturwissenschaften 05\/60: 42-44<\/li>\n<li>Scheersoi A, Dierkes P, Schrenk F, Klein HP (2011) Der neue Lernkoffer \u201eHominids for Schools.\u201c In:<\/li>\n<li>Klein HP, Grotjohann N, Preisfeld A, Trommer G, Dierkes P, Haase HM (2011) Bildung und Evolution. Festband der Gesellschaft f\u00fcr Didaktik der Biowissenschaften\u00a0 zur Tagung zu Ehren von Charles Darwin. Shaker, Aachen.<\/li>\n<li>Klein HP (2010) Die neue Kompetenzorientierung: Exzellenz oder Nivellierung. Journal f\u00fcr Didaktik der Biowissenschaften JfDB (F)<\/li>\n<li>Klein HP (2010) Bildungsstandards auf dem Pr\u00fcfstand \u2013 Der Bluff der Kompetenzorientierung. Vierteljahreszeitschrift f\u00fcr wissenschaftliche P\u00e4dagogik 3. Sch\u00f6ningh, Paderborn<\/li>\n<li>Klein HP, Schrenk F, Scheeersoi A, Reuter S, Dierkes P (2010) Evolution des Menschen. Lehrerhandbuch zum Homninids for Schools-Lernkoffer. Shaker, Aachen.<\/li>\n<li>Klein HP, Schrenk F, Scheeersoi A, Reuter S, Dierkes P (2010) Evolution des Menschen. Arbeitsmaterialien zum Hominids for Schools-Lernkoffer. Shaker, Aachen.<\/li>\n<li>Kisslsing B, Klein HP (2010) Auf dem Weg zum homo oeconomicus. Profil. Das Magazin f\u00fcr Gymnasium und Gesellschaft. P\u00e4dagogik und Hochschulverlag D\u00fcsseldorf.<\/li>\n<li>Klein HP (2010) Kompetenzorientierung \u2013 nur ein gro\u00dfer Bluff? Profil (3). Das Magazin f\u00fcr Gymnasium und Gesellschaft. P\u00e4dagogik und Hochschulverlag D\u00fcsseldorf.<\/li>\n<li>Klein\u00a0 HP (2010)\u00a0 Kompetenzorientierung springt als Tiger und landet als Bettvorleger. Begegnung 03<\/li>\n<li>Klein HP (2010) Auf den Spuren von Humboldt und Darwin. Lehramtsstudierende auf Forschungsreise nach Ecuador und Gal\u00e1pagos. Uni Report 2\/2010<\/li>\n<li>Klein HP (2010) Frankfurter LehramtskandidatInnen auf den Spuren von Alexander von Humboldt und Charles Darwin. Eine 21-t\u00e4gige Forschungsreise auf die Galapagos Inseln. L-News 02\/10.<\/li>\n<li>Grahmann M, Klein HP, Dierkes P: Hessisches Kultusministerium finanziert 100 molekularbiologische Lernkoffer. Das \u201eGeniE\u201c-Projekt auf dem Weg in die Schule. L-News 01\/10.<\/li>\n<li>Klein HP (2010) Deutsch-chinesische Sch\u00fcleruniversit\u00e4t in Guangzhou\/China im Zeichen des Klimawandels. L-News 01\/2010<\/li>\n<li>Grahmann M, Klees G, Goebel J, F\u00f6rster B, Klein HP, Dierkes P (2010) eLearning-Tools zur Unterst\u00fctzung eines molekularbiologischen Lernkoffers. <em>Hamburger eLMagazin <\/em><em>04<\/em><\/li>\n<li>Klein HP (2009) Bildung und Evolution. Festtagung zu Ehren von Charles Darwin im Forschungsinstitut und Museum Senckenberg am 26.\/27.6. 2009. L-News 03\/09.<\/li>\n<li>Klein HP, Dierkes PW, Schrenk F (2008) Menschheitsgeschichte im Lernkoffer. Das \u201eHominids for Schools\u201c-Projekt. In: Klein HP et al (2008): Aktuelle Themen aus den Bildungs- und Biowissenschaften. Festband zur Gr\u00fcndung der Gesellschaft f\u00fcr Didaktik der Biowissenschaften. Shaker, Aachen.<\/li>\n<li>Klein HP (2008) Bildungsstandards, Kompetenzen, Kerncurricula \u2013 die neuen Heilsbringer schulischer Bildung? In: Klein HP et al (2008): Aktuelle Themen aus den Bildungs- und Biowissenschaften. Festband zur Gr\u00fcndung der Gesellschaft f\u00fcr Didaktik der Biowissenschaften. Shaker, Aachen.<\/li>\n<li>Rossberg S, Klein HP (2008) Basic reqirements for cell homeostasis \u2013 ein bilinguales Biologiemodul f\u00fcr die 11. Klasse. In: Scheersoi A, Klein HP (Hrsg) (2008): Bilingualer Biologieunterricht. Frankfurter Beitr\u00e4ge zur biologischen Bildung 6. Shaker, Aachen.<\/li>\n<li>Klein HP (2008) Bildungsstandards, Kompetenzen, Kerncurricula \u2013 Das Ei des Kolumbus? Profil 3. Das Magazin f\u00fcr Gymnasium und Gesellschaft. P\u00e4dagogik und Hochschulverlag D\u00fcsseldorf.<\/li>\n<li>Klein HP (2008) Auf dem richtigen Weg zur Durchakademisierung der Bev\u00f6lkerung. Bildung aktuell 7. Philologenverband NRW.\u00a0 P\u00e4dagogik und Hochschulverlag D\u00fcsseldorf.<\/li>\n<li>Klein HP (2007) Das Hominids for Schools Projekt. Bildung aktuell 7. Philologenverband NRW. P\u00e4dagogik und Hochschulverlag D\u00fcsseldorf.<\/li>\n<li>Klein HP (2007) Wissenstransfer an vorderster Front. Uni Report. Jahrgang 40. Caro-Druck GmbH Frankfurt<\/li>\n<li>Klein HP (2007) Gr\u00fcndungstagung der Gesellschaft f\u00fcr Didaktik der Biowissenschaften (GDBW) im Senckenberg Museum. L-news 27.<\/li>\n<li>Klein HP, Dierkes PW (2007) Die Evolution des Menschen im Koffer: Hominids for Schools Projekt. L-News 27.<\/li>\n<li>Grahmann M, Klein HP, Dierkes P (2007) Praxisworkshop DNA Extraktion und DNA F\u00e4rbung. L-News 27.<\/li>\n<li>Klein HP, Dierkes P (2007) Menschheitsgeschichte im Koffer. Forschung Frankfurt (3). Frotscher Druck GmbH Frankfurt<\/li>\n<li>Grotjohann N, Preisfeld A, Klein HP (2005) Die grundlegende Bedeutung von Exkursionen im Studium. In: Klein HP, Grotjohann N: Exkursionen. Frankfurter Beitr\u00e4ge zur biologischen Bildung 5. Shaker, Aachen.<\/li>\n<li>Klein HP, Stockem W (2002) Pinocytosis and phagocytosis in Amoeba proteus. DVD, C 7059, IWF Wissen und Medien GmbH, G\u00f6ttingen.<\/li>\n<li>Klein, HP, Stockem, W (2002) Pinocytose und Phagocytose bei Amoeba proteus. Film VHS-PAL, Farbe, 15 min, Begleittext, C 7059, IWF Wissen und Medien GmbH, G\u00f6ttingen.<\/li>\n<li>Klein HP (2001) Abenteuer genetischer Code. Begleitpublikation zum Zeichentrickfilm &#8220;Le Code genetique&#8221; von C. Edelmann und M. Boschet. Hagemann &amp; Partner Bildungsmedien, D\u00fcsseldorf.<\/li>\n<li>Schumacher B, Klein HP (2001) Floristisch-vegetationskundliche Untersuchungen an Kalkmagerrasen. Praxis der Naturwissenschaften &#8211; Biologie 4\/50, 17 \u2013 28.<\/li>\n<li>Schumacher B, Schumacher W, Klein HP, Schumacher B (2001) Naturschutzfachliche Bewertung und Pflege von Kalkmagerrasen &#8211; ein Beitrag zur Erhaltung der Biodiversit\u00e4t. Praxis der Naturwissenschaften &#8211; Biologie 4\/50, 29 &#8211; 35.<\/li>\n<li>Schumacher B, Klein HP, Breuer H (2001) Kalkmagerrasen &#8211; Trocken-warme Lebensr\u00e4ume mit hoher Biodiversit\u00e4t. Praxis der Naturwissenschaften &#8211; Biologie 4\/50, 7 &#8211; 16.<\/li>\n<li>Klein HP, Schumacher B, Schumacher W (2001) Biodiversit\u00e4t und Naturschutz im Biologieunterricht. Praxis der Naturwissenschaften &#8211; Biologie 4\/50, 1 &#8211; 6.<\/li>\n<li>Schumacher B, Klein HP (2001) Kalkmagerrasen &#8211; ein Beitrag zum Erhalt der Biodiversit\u00e4t. Festschrift zum 92. MNU-Bundeskongress K\u00f6ln, Siebengebirgsdruck Bad Honnef.<\/li>\n<li>Klein HP (2001) Endocytosen bei Amoeba proteus. Festschrift zum 92. MNU-Bundeskongress K\u00f6ln, Siebengebirgsdruck Bad Honnef.<\/li>\n<li>Klein HP, Stockem W (1997) Versuche zur Nahrungsaufnahme bei Am\u00f6ben (Pinocytose und Phagocytose). Praxis der Naturwissenschaften &#8211; Biologie 5\/46, 22 &#8211; 28.<\/li>\n<li>Klein HP, Stockem W (1997) Die intrazellul\u00e4re Verdauung bei Am\u00f6ben. Praxis der Naturwissenschaften &#8211; Biologie 5\/46, 16 &#8211; 21.<\/li>\n<li>Klein HP, Stockem W (1997) Amoeba proteus &#8211; ein klassisches Objekt der Zellbiologie. Teil I.: Bewegungsverhalten. Mikrokosmos 86, 43 &#8211; 51.<\/li>\n<li>Klein HP, Stockem W (1997) Amoeba proteus &#8211; ein klassisches Objekt der Zellbiologie. Teil II.: Nahrungsaufnahme. Mikrokosmos, 86, 104 &#8211; 110.<\/li>\n<li>Klein HP, Herter P (1997) Mechanismen des zellul\u00e4ren Stofftransports. Praxis der Naturwissenschaften &#8211; Biologie 46 (5), 1 &#8211; 4.<\/li>\n<li>Klein HP, Stockem W (1997) Grundlagen der endocytotischen Stoffaufnahme. Praxis der Naturwissenschaften &#8211; Biologie 5\/46, 5 &#8211; 7.<\/li>\n<li>Klein HP, Stockem W (1997) Die endocytotische Stoffaufnahme bei Am\u00f6ben. Praxis der Naturwissenschaften &#8211; Biologie 5\/46, 8 &#8211; 15.<\/li>\n<li>Wichard W, Klein HP, Herter P (1996) Pupal cocoon of Amphiesmenoptera (Lepidoptera and Trichoptera) with evolutionary considerations of Trichoptera. Proc.8th Internat. Symp. Trichoptera, Minneapolis 1995.<\/li>\n<li>Klein HP, Wichard W (1995) Osmoregulation bei M\u00fcckenlarven. Praxis der Naturwissenschaften &#8211; Biologie 44 (2), 30 &#8211; 36.<\/li>\n<li>Klein HP, Stockem W (1995) Nahrungsaufnahme und intrazellul\u00e4re Verdauung bei Am\u00f6ben. Teil I: Der endocytotische Stofftransport. Biologie in unserer Zeit 25, 293 &#8211; 299.<\/li>\n<li>Klein HP, Stockem W (1995) Das Experiment: Nahrungsaufnahme bei Am\u00f6ben. Teil I: Die Pinocytose. Biologie in unserer Zeit 25, 321 &#8211; 324.<\/li>\n<li>Klein HP, Stockem W (1995) Nahrungsaufnahme und intrazellul\u00e4re Verdauung bei Am\u00f6ben. Teil II: Das intrazellul\u00e4re Verdauungssystem. Biologie in unserer Zeit 25, 367 \u2013 373.<\/li>\n<li>Klein HP, Stockem W (1995) Das Experiment: Nahrungsaufnahme bei Am\u00f6ben. Teil II: Die Phagocytose. Biologie in unserer Zeit 25, 390 \u2013 392.<\/li>\n<li>Klein HP, K\u00f6ster B, Stockem W (1988) Pinocytosis and locomotion of amoebae. Different morphodynamic forms of endocytotic and microfilament organisation in Amoeba proteus. Protoplasma 2, 76 &#8211; 82.<\/li>\n<li>Stockem W, Klein HP (1988) Pinocytosis and locomotion of amoebae. Influence of different cations on induced pinocytosis in Amoeba proteus. European Journal of Protistology 23, 317 &#8211; 326.<\/li>\n<li>Klein HP (1979) Morphologie, Dynamik und Physiologie der induzierten Pinocytose bei Amoeba proteus. Inaugural-Dissertation zur Erlangung des Doktorgrades der Hohen Mathematisch-Naturwissenschaftlichen Fakult\u00e4t der Rheinischen Friedrich-Wilhelms-Universit\u00e4t Bonn.<\/li>\n<li>Klein HP, Stockem W (1979) Pinocytosis and locomotion of amoebae. Dynamics and motive force generation during induced pinocytosis in Amoeba proteus. Cell Tissue Res.197, 263 &#8211; 279.<\/li>\n<li>Stockem W, Klein HP (1979) Pinocytosis and locomotion of amoebae. Demonstration of Ca++-binding sites during induced pinocytosis in Amoeba proteus. Protoplasma 100, 33 &#8211; 43.<\/li>\n<li>Stockem W, Klein HP (1977) Pseudopodium formation and retraction as a basic mechanism of endocytosis in amoebae. V.th.Int.Congr. Protozoology New York. Abstracts of papers (ed. by Hunter) No. 53.<\/li>\n<li>Stockem W, Klein HP (1976) Pr\u00e4paration biologischer Objekte f\u00fcr das Raster-Elektronenmikroskop (REM). In: Tieftemperatur-Gefriertrocknungsanlage GT1, Leybold-Heraeus.<\/li>\n<li>Klein HP, Stockem W (1975) Pr\u00e4paration biologischer Objekte f\u00fcr das Raster-Elektronenmikroskop. Microscopica Acta 78, 388 &#8211; 406.<\/li>\n<li>Klein HP (1974) Methodische Untersuchungen zur Pr\u00e4paration von Amoeba proteus und Hyalodiscus simplex f\u00fcr das Raster-Elektronenmikroskop. Wissenschaftliche Arbeit im Rahmen der 1. Staatspr\u00fcfung f\u00fcr das Lehramt an Gymnasien.<\/li>\n<\/ul>\n<p><\/p>","protected":false},"excerpt":{"rendered":"<p>Sorry, this entry is only available in Deutsch. For the sake of viewer convenience, the content is shown below in the alternative language. You may click the link to switch the active language. Klein HP (2016) Im Schatten der Fl\u00fcchtlingskrise.<\/p>\n","protected":false},"author":2,"featured_media":0,"parent":18,"menu_order":0,"comment_status":"closed","ping_status":"closed","template":"page-templates\/template-publikation.php","meta":{"footnotes":""},"class_list":["post-95","page","type-page","status-publish","hentry"],"_links":{"self":[{"href":"https:\/\/www.prof-klein.eu\/en\/wp-json\/wp\/v2\/pages\/95","targetHints":{"allow":["GET"]}}],"collection":[{"href":"https:\/\/www.prof-klein.eu\/en\/wp-json\/wp\/v2\/pages"}],"about":[{"href":"https:\/\/www.prof-klein.eu\/en\/wp-json\/wp\/v2\/types\/page"}],"author":[{"embeddable":true,"href":"https:\/\/www.prof-klein.eu\/en\/wp-json\/wp\/v2\/users\/2"}],"replies":[{"embeddable":true,"href":"https:\/\/www.prof-klein.eu\/en\/wp-json\/wp\/v2\/comments?post=95"}],"version-history":[{"count":5,"href":"https:\/\/www.prof-klein.eu\/en\/wp-json\/wp\/v2\/pages\/95\/revisions"}],"predecessor-version":[{"id":409,"href":"https:\/\/www.prof-klein.eu\/en\/wp-json\/wp\/v2\/pages\/95\/revisions\/409"}],"up":[{"embeddable":true,"href":"https:\/\/www.prof-klein.eu\/en\/wp-json\/wp\/v2\/pages\/18"}],"wp:attachment":[{"href":"https:\/\/www.prof-klein.eu\/en\/wp-json\/wp\/v2\/media?parent=95"}],"curies":[{"name":"wp","href":"https:\/\/api.w.org\/{rel}","templated":true}]}}