{"id":90,"date":"2016-01-16T12:27:56","date_gmt":"2016-01-16T11:27:56","guid":{"rendered":"http:\/\/hanspeter.der-webcode.de\/?page_id=90"},"modified":"2016-06-27T21:19:00","modified_gmt":"2016-06-27T19:19:00","slug":"herausgeberschaften","status":"publish","type":"page","link":"https:\/\/www.prof-klein.eu\/de\/publikationen\/herausgeberschaften\/","title":{"rendered":"Herausgeberschaften"},"content":{"rendered":"<p><\/p>\n<ul>\n<li>Klein HP, Hartmann, A (2011)\u00a0 Galapagos. Praxis der Naturwissenschaften \u2013 Biologie 5\/60, Aulis, K\u00f6ln.<\/li>\n<li>Klein HP, Grotjohann N, Preisfeld A, Trommer G, Dierkes P, Haase HM (2011) Bildung und Evolution. Festband der Gesellschaft f\u00fcr Didaktik der Biowissenschaften\u00a0 zur Tagung zu Ehren von Charles Darwin. Mit Beitr\u00e4gen von Reichholf, E.P. Fischer, M. Spitzer, F. Schrenk, A. Gruschka, M. T\u00fcrkay. J. Bereiter-Hahn, J. Soppa, H.P. Klein, Shaker, Aachen.<\/li>\n<li>Klein HP, Schrenk F (2010) Evolution des Menschen. Lehrerhandbuch zum Hominids for Schools-Lernkoffer. Shaker, Aachen.<\/li>\n<li>Klein HP, Schrenk F (2010) Arbeitsmaterialien zum Hominids for Schools-Lernkoffer. Shaker, Aachen.<\/li>\n<li>Klein HP, Grotjohann N, Preisfeld A, Trommer G, Dierkes P, Haase HM (2009) Aktuelle Themen aus den Bildungs- und Biowissenschaften. Festband zur Gr\u00fcndung der Gesellschaft f\u00fcr Didaktik der Biowissenschaften. Mit Beitr\u00e4gen von E.P. Fischer, M. Spitzer, F. Schrenk, A. Gruschka, K. Liessmann, G. Zizka, G. Trommer,\u00a0 V. Mosbrugger, M. T\u00fcrkay. Shaker, Aachen.<\/li>\n<li>Scheersoi A, Klein HP\u00a0 (2008) Bilingualer Biologieunterricht. Frankfurter Beitr\u00e4ge zur biologischen Bildung 6. Shaker, Aachen.<\/li>\n<li>Klein HP, Grotjohann N (Hrsg) (2005) Exkursionen. Frankfurter Beitr\u00e4ge zur biologischen Bildung 5, Shaker, Aachen.<\/li>\n<li>Gerhardt-Dircksen A, Klein HP (Hrsg) (2001) Biodiversit\u00e4t und Naturschutz &#8211; Unterrichtsbeispiele zum Projekt Kalkmagerrasen. Praxis der Naturwissenschaften &#8211; Biologie, 4\/50, Aulis, K\u00f6ln.<\/li>\n<li>Gerhardt-Dircksen A, Klein HP (Hrsg) (1997) Nahrungsaufnahme bei Einzellern (Am\u00f6ben und Ciliaten). Praxis der Naturwissenschaften &#8211; Biologie 5\/46, Aulis, K\u00f6ln.<\/li>\n<\/ul>\n<p><\/p>","protected":false},"excerpt":{"rendered":"<p>Klein HP, Hartmann, A (2011)\u00a0 Galapagos. Praxis der Naturwissenschaften \u2013 Biologie 5\/60, Aulis, K\u00f6ln. Klein HP, Grotjohann N, Preisfeld A, Trommer G, Dierkes P, Haase HM (2011) Bildung und Evolution. Festband der Gesellschaft f\u00fcr Didaktik der Biowissenschaften\u00a0 zur Tagung zu<\/p>\n","protected":false},"author":2,"featured_media":0,"parent":18,"menu_order":0,"comment_status":"closed","ping_status":"closed","template":"page-templates\/template-herausgeberschaften.php","meta":{"footnotes":""},"class_list":["post-90","page","type-page","status-publish","hentry"],"_links":{"self":[{"href":"https:\/\/www.prof-klein.eu\/de\/wp-json\/wp\/v2\/pages\/90","targetHints":{"allow":["GET"]}}],"collection":[{"href":"https:\/\/www.prof-klein.eu\/de\/wp-json\/wp\/v2\/pages"}],"about":[{"href":"https:\/\/www.prof-klein.eu\/de\/wp-json\/wp\/v2\/types\/page"}],"author":[{"embeddable":true,"href":"https:\/\/www.prof-klein.eu\/de\/wp-json\/wp\/v2\/users\/2"}],"replies":[{"embeddable":true,"href":"https:\/\/www.prof-klein.eu\/de\/wp-json\/wp\/v2\/comments?post=90"}],"version-history":[{"count":5,"href":"https:\/\/www.prof-klein.eu\/de\/wp-json\/wp\/v2\/pages\/90\/revisions"}],"predecessor-version":[{"id":402,"href":"https:\/\/www.prof-klein.eu\/de\/wp-json\/wp\/v2\/pages\/90\/revisions\/402"}],"up":[{"embeddable":true,"href":"https:\/\/www.prof-klein.eu\/de\/wp-json\/wp\/v2\/pages\/18"}],"wp:attachment":[{"href":"https:\/\/www.prof-klein.eu\/de\/wp-json\/wp\/v2\/media?parent=90"}],"curies":[{"name":"wp","href":"https:\/\/api.w.org\/{rel}","templated":true}]}}