{"id":73,"date":"2016-01-07T09:07:20","date_gmt":"2016-01-07T08:07:20","guid":{"rendered":"http:\/\/hanspeter.der-webcode.de\/?page_id=73"},"modified":"2016-07-20T17:16:27","modified_gmt":"2016-07-20T15:16:27","slug":"themen","status":"publish","type":"page","link":"https:\/\/www.prof-klein.eu\/de\/themen\/","title":{"rendered":"Themen"},"content":{"rendered":"<p>Hans Peter Klein h\u00e4lt Vortr\u00e4ge insbesondere in bildungspolitischen, sowie schul- und hochschulspezifischen Fragestellungen und ber\u00e4t Bildungspolitiker, Lehrkr\u00e4fte, Schulen, Hochschulen, Wirtschaft u.a. Anfragen richten Sie bitte \u00fcber das <a href=\"http:\/\/hanspeter.der-webcode.de\/kontakt\/\">Kontaktformular<\/a>.<\/p>\n<p>&nbsp;<\/p>\n<h4>Vortragsthemen<\/h4>\n<div class=\"wpsm_panel-heading acc-a\">\n<ul>\n<li class=\"wpsm_panel-title\"><span class=\"ac_title_class\">Bildung und Wissen<\/span>\n<ul>\n<li class=\"wpsm_panel-title\">\u00d6konomisierung der Bildung<\/li>\n<li class=\"wpsm_panel-title\">Kompetenzorientierung<\/li>\n<li class=\"wpsm_panel-title\">PISA, Bologna und die Folgen<\/li>\n<li class=\"wpsm_panel-title\">Nivellierung der Anspr\u00fcche<\/li>\n<li class=\"wpsm_panel-title\">Zentralabiturvergleiche<\/li>\n<li class=\"wpsm_panel-title\">Gymnasiale Bildung<\/li>\n<li class=\"wpsm_panel-title\">Internationale Bildungssysteme (Schwerpunkt USA)<\/li>\n<li class=\"wpsm_panel-title\">Akademisierung<\/li>\n<li class=\"wpsm_panel-title\">Kerncurricula, Lehrpl\u00e4ne<\/li>\n<li class=\"wpsm_panel-title\">Gender<\/li>\n<li class=\"wpsm_panel-title\">G8\/G9<\/li>\n<li class=\"wpsm_panel-title\">Neue Lernkultur (Konstruktivistische Lehr- und Lernformen, Lehrer als Lerncoach, Individualisierung von Unterricht u.a.)<\/li>\n<li class=\"wpsm_panel-title\">Heterogenit\u00e4t und Inklusion<\/li>\n<\/ul>\n<\/li>\n<li>Umweltbildung<\/li>\n<li>Auf den Spuren von Alexander von Humboldt und Charles Darwin<\/li>\n<li>Ecuador und\u00a0Galapagos Inseln<\/li>\n<\/ul>\n<\/div>\n<p><\/p>","protected":false},"excerpt":{"rendered":"<p>Hans Peter Klein h\u00e4lt Vortr\u00e4ge insbesondere in bildungspolitischen, sowie schul- und hochschulspezifischen Fragestellungen und ber\u00e4t Bildungspolitiker, Lehrkr\u00e4fte, Schulen, Hochschulen, Wirtschaft u.a. Anfragen richten Sie bitte \u00fcber das Kontaktformular. &nbsp; Vortragsthemen Bildung und Wissen \u00d6konomisierung der Bildung Kompetenzorientierung PISA, Bologna und<\/p>\n","protected":false},"author":2,"featured_media":0,"parent":0,"menu_order":0,"comment_status":"closed","ping_status":"closed","template":"page-templates\/template-themen.php","meta":{"footnotes":""},"class_list":["post-73","page","type-page","status-publish","hentry"],"_links":{"self":[{"href":"https:\/\/www.prof-klein.eu\/de\/wp-json\/wp\/v2\/pages\/73","targetHints":{"allow":["GET"]}}],"collection":[{"href":"https:\/\/www.prof-klein.eu\/de\/wp-json\/wp\/v2\/pages"}],"about":[{"href":"https:\/\/www.prof-klein.eu\/de\/wp-json\/wp\/v2\/types\/page"}],"author":[{"embeddable":true,"href":"https:\/\/www.prof-klein.eu\/de\/wp-json\/wp\/v2\/users\/2"}],"replies":[{"embeddable":true,"href":"https:\/\/www.prof-klein.eu\/de\/wp-json\/wp\/v2\/comments?post=73"}],"version-history":[{"count":16,"href":"https:\/\/www.prof-klein.eu\/de\/wp-json\/wp\/v2\/pages\/73\/revisions"}],"predecessor-version":[{"id":570,"href":"https:\/\/www.prof-klein.eu\/de\/wp-json\/wp\/v2\/pages\/73\/revisions\/570"}],"wp:attachment":[{"href":"https:\/\/www.prof-klein.eu\/de\/wp-json\/wp\/v2\/media?parent=73"}],"curies":[{"name":"wp","href":"https:\/\/api.w.org\/{rel}","templated":true}]}}