{"id":422,"date":"2016-07-13T17:43:30","date_gmt":"2016-07-13T15:43:30","guid":{"rendered":"http:\/\/www.prof-klein.eu\/?page_id=422"},"modified":"2017-07-06T11:43:13","modified_gmt":"2017-07-06T09:43:13","slug":"home","status":"publish","type":"page","link":"https:\/\/www.prof-klein.eu\/de\/home\/","title":{"rendered":"Home"},"content":{"rendered":"<p><\/p>\n<h2>Hans Peter Klein<\/h2>\n<p>lehrt Didaktik der Biowissenschaften an der Goethe Universit\u00e4t in Frankfurt und geh\u00f6rt mit zu den profiliertesten Kritikern der Bildungsentwicklungen im deutschen Bildungswesen seit PISA und Bologna unter dem Diktat der \u00d6konomisierung der Bildung.<\/p>\n<p>Hans Peter Klein ist Autor zahlreicher Artikel und gefragter Kommentator zu dieser Thematik und besch\u00e4ftigt sich forschungsm\u00e4\u00dfig vor allem mit den Folgen dieser Entwicklung in Form einer zunehmenden Nivellierung der Anspr\u00fcche in nahezu allen Bildungsbereichen. Ende 2016 erschien sein Buch \u201c<a href=\"http:\/\/www.prof-klein.eu\/buch-vom-streifenhoernchen-zum-nadelstreifen\/\">Vom Streifenh\u00f6rnchen zum Nadelstreifen \u2013 Das deutsche Bildungswesen im Kompetenztaumel<\/a>\u201d im zu Klampen Verlag, indem eine kritische und teilweise leicht satirische Bestandsaufnahme der Entwicklung des deutschen Bildungswesens seit PISA 2000 und Bologna 1999 aufgezeigt wird, dass seit dieser Zeit einem unkontrolliertem Reformchaos zum Opfer gefallen ist, mit einschneidenden Einfl\u00fcssen auf den Wissenschafts- und Wirtschaftsstandort Deutschlands in der Zukunft. Dar\u00fcber hinaus besch\u00e4ftigt er sich im Rahmen von Exkursionen und Expeditionen mit einer praxisorientierten und wissensbasierten Unweltbildung als Basis einer dringend erforderlichen \u00f6kologischen Nachhaltigkeit und hat auch in diesem Bereich zahlreiche Schriften verfasst.<\/p>\n<p>Hans Peter Klein ist Pr\u00e4sident der Gesellschaft f\u00fcr Didaktik der Biowissenschaften (<a href=\"http:\/\/www.didaktik-biowissenschaften.de\" target=\"_blank\">www.didaktik-biowissenschaften.de<\/a>) und Mitbegr\u00fcnder und Gesch\u00e4ftsf\u00fchrer der Gesellschaft f\u00fcr Bildung und Wissen (<a href=\"http:\/\/www.bildung-wissen.eu\" target=\"_blank\">www.bildung-wissen.eu<\/a>), ist Mitglied der Bildungskommission deutscher Naturforscher und \u00c4rzte GDN\u00c4 (http:\/\/www.gdnae.de\/) und war 2011\/2012 Gastprofessor am College of New Jersey in den USA. Hans Peter Klein h\u00e4lt Vortr\u00e4ge und ber\u00e4t Politik und Wirtschaft sowie private und \u00f6ffentliche Bildungseinrichtungen.<\/p>","protected":false},"excerpt":{"rendered":"<p>Hans Peter Klein lehrt Didaktik der Biowissenschaften an der Goethe Universit\u00e4t in Frankfurt und geh\u00f6rt mit zu den profiliertesten Kritikern der Bildungsentwicklungen im deutschen Bildungswesen seit PISA und Bologna unter dem Diktat der \u00d6konomisierung der Bildung. Hans Peter Klein ist<\/p>\n","protected":false},"author":2,"featured_media":0,"parent":0,"menu_order":0,"comment_status":"closed","ping_status":"closed","template":"page-templates\/template-home.php","meta":{"footnotes":""},"class_list":["post-422","page","type-page","status-publish","hentry"],"_links":{"self":[{"href":"https:\/\/www.prof-klein.eu\/de\/wp-json\/wp\/v2\/pages\/422","targetHints":{"allow":["GET"]}}],"collection":[{"href":"https:\/\/www.prof-klein.eu\/de\/wp-json\/wp\/v2\/pages"}],"about":[{"href":"https:\/\/www.prof-klein.eu\/de\/wp-json\/wp\/v2\/types\/page"}],"author":[{"embeddable":true,"href":"https:\/\/www.prof-klein.eu\/de\/wp-json\/wp\/v2\/users\/2"}],"replies":[{"embeddable":true,"href":"https:\/\/www.prof-klein.eu\/de\/wp-json\/wp\/v2\/comments?post=422"}],"version-history":[{"count":10,"href":"https:\/\/www.prof-klein.eu\/de\/wp-json\/wp\/v2\/pages\/422\/revisions"}],"predecessor-version":[{"id":894,"href":"https:\/\/www.prof-klein.eu\/de\/wp-json\/wp\/v2\/pages\/422\/revisions\/894"}],"wp:attachment":[{"href":"https:\/\/www.prof-klein.eu\/de\/wp-json\/wp\/v2\/media?parent=422"}],"curies":[{"name":"wp","href":"https:\/\/api.w.org\/{rel}","templated":true}]}}