{"id":166,"date":"2016-01-26T14:02:44","date_gmt":"2016-01-26T13:02:44","guid":{"rendered":"http:\/\/hanspeter.der-webcode.de\/?page_id=166"},"modified":"2016-01-31T14:47:56","modified_gmt":"2016-01-31T13:47:56","slug":"datenschutzerklaerung","status":"publish","type":"page","link":"https:\/\/www.prof-klein.eu\/de\/datenschutzerklaerung\/","title":{"rendered":"Datenschutzerkl\u00e4rung"},"content":{"rendered":"<p><\/p>\n<h4>Vorwort<\/h4>\n<p>Im Rahmen der Nutzung des Internetangebotes werden grunds\u00e4tzlich keine pers\u00f6nlichen Daten erhoben. Sollte eine \u00dcbermittlung der pers\u00f6nlichen Daten notwendig sein, so ist diesbez\u00fcglich Ihre Einwilligung erforderlich. Diese Daten werden nur soweit erforderlich und nur bei der Nutzung und Inanspruchnahme der Kontaktaufnahme und Newsletteranmeldung \u00fcber dieses Internetangebotes erhoben.<\/p>\n<p>Gespeichert werden lediglich Zugriffsdaten ohne Personenbezug. Diese Daten werden ausschlie\u00dflich zur Verbesserung unseres Angebotes ausgewertet und erlauben keinen R\u00fcckschluss auf Ihre Person.<\/p>\n<h4>Allgemeines<\/h4>\n<p>Ihre personenbezogenen Daten (z.B. Anrede, Name, Anschrift, E-Mail-Adresse oder Telefonnummer) werden von mir gem\u00e4\u00df den Bestimmungen des deutschen Datenschutzrechts verarbeitet. Die nachfolgenden Vorschriften informieren Sie \u00fcber Art, Umfang und Zweck der Erhebung, Verarbeitung und Nutzung personenbezogener Daten.<\/p>\n<p>Diese Datenschutzerkl\u00e4rung bezieht sich nur auf diese Webseite. Falls Sie \u00fcber Links auf unseren Seiten auf andere Seiten weitergeleitet werden, informieren Sie sich bitte dort \u00fcber den jeweiligen Umgang mit Ihren Daten.<\/p>\n<h4 id=\"cookie\">Information \u00fcber Cookies<\/h4>\n<p>Zur Optimierung unseres Internetauftritts setzen ich Cookies ein. Es handelt sich dabei um kleine Textdateien, die vor\u00fcbergehend auf Ihrem Endger\u00e4t abgelegt werden.\u00a0Die meisten der verwendeten Cookies werden nach Ende der Browser-Sitzung wieder gel\u00f6scht (sog. Sitzungs-Cookies), andere Cookies verbleiben auf Ihrem Endger\u00e4t und erm\u00f6glichen es, Ihren Browser beim n\u00e4chsten Besuch wiederzuerkennen (dauerhafte Cookies).<\/p>\n<p>Das Speichern von Cookies k\u00f6nnen Sie verhindern, indem Sie in Ihren Browser so einstellen, dass Sie \u00fcber das Setzen von Cookies informiert werden und die Annahme entscheiden k\u00f6nnen sowie grunds\u00e4tzlich ausschlie\u00dfen. Dies kann aber eine Funktionseinschr\u00e4nkung der Website zur Folge haben.<\/p>\n<h4>Piwik Websiteanalyse<\/h4>\n<p>Diese Website benutzt\u00a0<a title=\"\" href=\"http:\/\/piwik.org\/\" target=\"_blank\">Piwik<\/a>, eine Open-Source-Software zur statistischen Auswertung der Besucherzugriffe sowie Optimierungszwecke. Aus diesen Daten k\u00f6nnen unter einem Pseudonym Nutzungsprofile erstellt werden. Hierzu werden \u201eCookies\u201d verwendet, Textdateien, die auf Ihrem Endger\u00e4t gespeichert werden. Die erhobenen Daten werden nicht dazu benutzt, den Besucher dieser Website pers\u00f6nlich zu identifizieren und nicht mit personenbezogenen Daten \u00fcber den Tr\u00e4ger des Pseudonyms zusammengef\u00fchrt.<\/p>\n<p>Die IP-Adresse wird sofort und noch vor der Verarbeitung und deren Speicherung anonymisiert, d.h. der letzten beiden Bl\u00f6cke der IP Adresse werden entfernt und durch &#8222;000.000&#8220; ersetzt (z.B. 192.168.000.000). Eine R\u00fcckverfolgung der IP Adresse ist somit nicht m\u00f6glich.<\/p>\n<p>Die erzeugten Informationen werden ausschlie\u00dflich auf dem Server des Anbieters in Deutschland gespeichert.\u00a0Sie k\u00f6nnen die Installation der Cookies durch eine entsprechende Einstellung Ihres Browser verhindern.<\/p>\n<p>Standardm\u00e4\u00dfig ist auf der Website die &#8222;Do-not-Track&#8220; Funktion aktiviert, d.h. sollten Sie diese Funktion in Ihrem Webbrowser eingestellt erfolgt keine Auswertung der Besucherzugriffe.<\/p>\n<p>Der Datenerhebung und -speicherung zum Zwecke der Webanalyse durch Piwik k\u00f6nnen Sie mit Wirkung f\u00fcr die Zukunft auf dieser nachfolgend\u00a0widersprechen oder jederzeit per E-Mail (<a href=\"mailto:info@bildung-wissen.eu\">info@bildung-wissen.eu<\/a>).<\/p>\n<p><iframe loading=\"lazy\" class=\"piwik\" style=\"padding: 10px; height: 80px; width: 680px;\" src=\"https:\/\/analyse.der-webcode.de\/index.php?module=CoreAdminHome&amp;action=optOut&amp;idsite=5&amp;language=de\" width=\"300\" height=\"150\"><\/iframe><\/p>\n<h4>Schlusserkl\u00e4rung<\/h4>\n<p>Bei Fragen zur Erhebung, Verarbeitung oder Nutzung Ihrer personenbezogenen Daten, bei Ausk\u00fcnften, Berichtigung, Sperrung oder L\u00f6schung von Daten sowie Widerruf erteilter Einwilligungen wenden Sie sich bitte schriftlich an:<\/p>\n<p>Prof. Dr. Hans Peter Klein<br \/>\nDidaktik der Biowissenschaften<br \/>\nRiedberg \/ Biologicum \/ Fl\u00fcgel D<br \/>\nMax-von-Laue-Stra\u00dfe 13<br \/>\n60438 Frankfurt am Main<\/p>\n<p>oder per E-Mail\u00a0<a href=\"mailto:info@bildung-wissen.eu\">info@bildung-wissen.eu<\/a>\u00a0sowie dem\u00a0<a href=\"http:\/\/hanspeter.der-webcode.de\/kontakt\/\">Kontaktformular<\/a>.<\/p>\n<p>&nbsp;<\/p>","protected":false},"excerpt":{"rendered":"<p>Vorwort Im Rahmen der Nutzung des Internetangebotes werden grunds\u00e4tzlich keine pers\u00f6nlichen Daten erhoben. Sollte eine \u00dcbermittlung der pers\u00f6nlichen Daten notwendig sein, so ist diesbez\u00fcglich Ihre Einwilligung erforderlich. Diese Daten werden nur soweit erforderlich und nur bei der Nutzung und Inanspruchnahme<\/p>\n","protected":false},"author":2,"featured_media":0,"parent":0,"menu_order":0,"comment_status":"closed","ping_status":"closed","template":"","meta":{"footnotes":""},"class_list":["post-166","page","type-page","status-publish","hentry"],"_links":{"self":[{"href":"https:\/\/www.prof-klein.eu\/de\/wp-json\/wp\/v2\/pages\/166","targetHints":{"allow":["GET"]}}],"collection":[{"href":"https:\/\/www.prof-klein.eu\/de\/wp-json\/wp\/v2\/pages"}],"about":[{"href":"https:\/\/www.prof-klein.eu\/de\/wp-json\/wp\/v2\/types\/page"}],"author":[{"embeddable":true,"href":"https:\/\/www.prof-klein.eu\/de\/wp-json\/wp\/v2\/users\/2"}],"replies":[{"embeddable":true,"href":"https:\/\/www.prof-klein.eu\/de\/wp-json\/wp\/v2\/comments?post=166"}],"version-history":[{"count":19,"href":"https:\/\/www.prof-klein.eu\/de\/wp-json\/wp\/v2\/pages\/166\/revisions"}],"predecessor-version":[{"id":365,"href":"https:\/\/www.prof-klein.eu\/de\/wp-json\/wp\/v2\/pages\/166\/revisions\/365"}],"wp:attachment":[{"href":"https:\/\/www.prof-klein.eu\/de\/wp-json\/wp\/v2\/media?parent=166"}],"curies":[{"name":"wp","href":"https:\/\/api.w.org\/{rel}","templated":true}]}}